{"id":566,"date":"2021-03-11T15:26:25","date_gmt":"2021-03-11T15:26:25","guid":{"rendered":"http:\/\/local-anglobelge.be\/?page_id=566"},"modified":"2021-03-29T13:23:40","modified_gmt":"2021-03-29T12:23:40","slug":"home","status":"publish","type":"page","link":"https:\/\/anglobelge.com\/fr\/","title":{"rendered":"Home"},"content":{"rendered":"","protected":false},"excerpt":{"rendered":"","protected":false},"author":1,"featured_media":0,"parent":0,"menu_order":0,"comment_status":"closed","ping_status":"closed","template":"home.php","meta":{"_acf_changed":false,"footnotes":""},"class_list":["post-566","page","type-page","status-publish","hentry"],"acf":[],"yoast_head":"<!-- This site is optimized with the Yoast SEO plugin v27.1.1 - https:\/\/yoast.com\/product\/yoast-seo-wordpress\/ -->\n<title>Anglo Belge - Special risks insurance brokers<\/title>\n<meta name=\"description\" content=\"Depuis plus de 60 ans maintenant, l\u2019\u00e9quipe d\u00e9di\u00e9e d\u2019Anglo Belge est sp\u00e9cialis\u00e9e dans les contrats d\u2019assurance \u00abtous risques\u00bb, fournissant des solutions d\u2019assurance, de pr\u00e9vention et de gestion de risque sur mesure, \u00e0 ses clients (bijoutiers, joailliers, diamantaires, lapidaires, tailleurs de pierre, sertisseurs, affineurs, orf\u00e8vres, marchands d\u2019art, gal\u00e9ristes, collectionneurs priv\u00e9s) dans le monde entier.\" \/>\n<meta name=\"robots\" content=\"index, follow, max-snippet:-1, max-image-preview:large, max-video-preview:-1\" \/>\n<link rel=\"canonical\" href=\"https:\/\/anglobelge.com\/fr\/\" \/>\n<meta property=\"og:locale\" content=\"fr_FR\" \/>\n<meta property=\"og:type\" content=\"article\" \/>\n<meta property=\"og:title\" content=\"Anglo Belge - Special risks insurance brokers\" \/>\n<meta property=\"og:description\" content=\"Depuis plus de 60 ans maintenant, l\u2019\u00e9quipe d\u00e9di\u00e9e d\u2019Anglo Belge est sp\u00e9cialis\u00e9e dans les contrats d\u2019assurance \u00abtous risques\u00bb, fournissant des solutions d\u2019assurance, de pr\u00e9vention et de gestion de risque sur mesure, \u00e0 ses clients (bijoutiers, joailliers, diamantaires, lapidaires, tailleurs de pierre, sertisseurs, affineurs, orf\u00e8vres, marchands d\u2019art, gal\u00e9ristes, collectionneurs priv\u00e9s) dans le monde entier.\" \/>\n<meta property=\"og:url\" content=\"https:\/\/anglobelge.com\/fr\/\" \/>\n<meta property=\"og:site_name\" content=\"Anglo Belge\" \/>\n<meta property=\"article:modified_time\" content=\"2021-03-29T12:23:40+00:00\" \/>\n<meta name=\"twitter:card\" content=\"summary_large_image\" \/>\n<script type=\"application\/ld+json\" class=\"yoast-schema-graph\">{\"@context\":\"https:\/\/schema.org\",\"@graph\":[{\"@type\":\"WebPage\",\"@id\":\"https:\/\/anglobelge.com\/fr\/\",\"url\":\"https:\/\/anglobelge.com\/fr\/\",\"name\":\"Anglo Belge - Special risks insurance brokers\",\"isPartOf\":{\"@id\":\"https:\/\/anglobelge.com\/#website\"},\"datePublished\":\"2021-03-11T15:26:25+00:00\",\"dateModified\":\"2021-03-29T12:23:40+00:00\",\"description\":\"Depuis plus de 60 ans maintenant, l\u2019\u00e9quipe d\u00e9di\u00e9e d\u2019Anglo Belge est sp\u00e9cialis\u00e9e dans les contrats d\u2019assurance \u00abtous risques\u00bb, fournissant des solutions d\u2019assurance, de pr\u00e9vention et de gestion de risque sur mesure, \u00e0 ses clients (bijoutiers, joailliers, diamantaires, lapidaires, tailleurs de pierre, sertisseurs, affineurs, orf\u00e8vres, marchands d\u2019art, gal\u00e9ristes, collectionneurs priv\u00e9s) dans le monde entier.\",\"breadcrumb\":{\"@id\":\"https:\/\/anglobelge.com\/fr\/#breadcrumb\"},\"inLanguage\":\"fr-FR\",\"potentialAction\":[{\"@type\":\"ReadAction\",\"target\":[\"https:\/\/anglobelge.com\/fr\/\"]}]},{\"@type\":\"BreadcrumbList\",\"@id\":\"https:\/\/anglobelge.com\/fr\/#breadcrumb\",\"itemListElement\":[{\"@type\":\"ListItem\",\"position\":1,\"name\":\"Home\",\"item\":\"https:\/\/anglobelge.com\/fr\/\"},{\"@type\":\"ListItem\",\"position\":2,\"name\":\"Home\"}]},{\"@type\":\"WebSite\",\"@id\":\"https:\/\/anglobelge.com\/#website\",\"url\":\"https:\/\/anglobelge.com\/\",\"name\":\"Anglo Belge\",\"description\":\"SPECIAL RISKS INSURANCE BROKERS\",\"publisher\":{\"@id\":\"https:\/\/anglobelge.com\/#organization\"},\"potentialAction\":[{\"@type\":\"SearchAction\",\"target\":{\"@type\":\"EntryPoint\",\"urlTemplate\":\"https:\/\/anglobelge.com\/?s={search_term_string}\"},\"query-input\":{\"@type\":\"PropertyValueSpecification\",\"valueRequired\":true,\"valueName\":\"search_term_string\"}}],\"inLanguage\":\"fr-FR\"},{\"@type\":\"Organization\",\"@id\":\"https:\/\/anglobelge.com\/#organization\",\"name\":\"Anglo Belge\",\"url\":\"https:\/\/anglobelge.com\/\",\"logo\":{\"@type\":\"ImageObject\",\"inLanguage\":\"fr-FR\",\"@id\":\"https:\/\/anglobelge.com\/#\/schema\/logo\/image\/\",\"url\":\"https:\/\/anglobelge.com\/wp-content\/uploads\/2025\/09\/cropped-thumbnail_Anglo-Belge_PG_RVB.png\",\"contentUrl\":\"https:\/\/anglobelge.com\/wp-content\/uploads\/2025\/09\/cropped-thumbnail_Anglo-Belge_PG_RVB.png\",\"width\":1107,\"height\":421,\"caption\":\"Anglo Belge\"},\"image\":{\"@id\":\"https:\/\/anglobelge.com\/#\/schema\/logo\/image\/\"}}]}<\/script>\n<!-- \/ Yoast SEO plugin. -->","yoast_head_json":{"title":"Anglo Belge - Special risks insurance brokers","description":"Depuis plus de 60 ans maintenant, l\u2019\u00e9quipe d\u00e9di\u00e9e d\u2019Anglo Belge est sp\u00e9cialis\u00e9e dans les contrats d\u2019assurance \u00abtous risques\u00bb, fournissant des solutions d\u2019assurance, de pr\u00e9vention et de gestion de risque sur mesure, \u00e0 ses clients (bijoutiers, joailliers, diamantaires, lapidaires, tailleurs de pierre, sertisseurs, affineurs, orf\u00e8vres, marchands d\u2019art, gal\u00e9ristes, collectionneurs priv\u00e9s) dans le monde entier.","robots":{"index":"index","follow":"follow","max-snippet":"max-snippet:-1","max-image-preview":"max-image-preview:large","max-video-preview":"max-video-preview:-1"},"canonical":"https:\/\/anglobelge.com\/fr\/","og_locale":"fr_FR","og_type":"article","og_title":"Anglo Belge - Special risks insurance brokers","og_description":"Depuis plus de 60 ans maintenant, l\u2019\u00e9quipe d\u00e9di\u00e9e d\u2019Anglo Belge est sp\u00e9cialis\u00e9e dans les contrats d\u2019assurance \u00abtous risques\u00bb, fournissant des solutions d\u2019assurance, de pr\u00e9vention et de gestion de risque sur mesure, \u00e0 ses clients (bijoutiers, joailliers, diamantaires, lapidaires, tailleurs de pierre, sertisseurs, affineurs, orf\u00e8vres, marchands d\u2019art, gal\u00e9ristes, collectionneurs priv\u00e9s) dans le monde entier.","og_url":"https:\/\/anglobelge.com\/fr\/","og_site_name":"Anglo Belge","article_modified_time":"2021-03-29T12:23:40+00:00","twitter_card":"summary_large_image","schema":{"@context":"https:\/\/schema.org","@graph":[{"@type":"WebPage","@id":"https:\/\/anglobelge.com\/fr\/","url":"https:\/\/anglobelge.com\/fr\/","name":"Anglo Belge - Special risks insurance brokers","isPartOf":{"@id":"https:\/\/anglobelge.com\/#website"},"datePublished":"2021-03-11T15:26:25+00:00","dateModified":"2021-03-29T12:23:40+00:00","description":"Depuis plus de 60 ans maintenant, l\u2019\u00e9quipe d\u00e9di\u00e9e d\u2019Anglo Belge est sp\u00e9cialis\u00e9e dans les contrats d\u2019assurance \u00abtous risques\u00bb, fournissant des solutions d\u2019assurance, de pr\u00e9vention et de gestion de risque sur mesure, \u00e0 ses clients (bijoutiers, joailliers, diamantaires, lapidaires, tailleurs de pierre, sertisseurs, affineurs, orf\u00e8vres, marchands d\u2019art, gal\u00e9ristes, collectionneurs priv\u00e9s) dans le monde entier.","breadcrumb":{"@id":"https:\/\/anglobelge.com\/fr\/#breadcrumb"},"inLanguage":"fr-FR","potentialAction":[{"@type":"ReadAction","target":["https:\/\/anglobelge.com\/fr\/"]}]},{"@type":"BreadcrumbList","@id":"https:\/\/anglobelge.com\/fr\/#breadcrumb","itemListElement":[{"@type":"ListItem","position":1,"name":"Home","item":"https:\/\/anglobelge.com\/fr\/"},{"@type":"ListItem","position":2,"name":"Home"}]},{"@type":"WebSite","@id":"https:\/\/anglobelge.com\/#website","url":"https:\/\/anglobelge.com\/","name":"Anglo Belge","description":"SPECIAL RISKS INSURANCE BROKERS","publisher":{"@id":"https:\/\/anglobelge.com\/#organization"},"potentialAction":[{"@type":"SearchAction","target":{"@type":"EntryPoint","urlTemplate":"https:\/\/anglobelge.com\/?s={search_term_string}"},"query-input":{"@type":"PropertyValueSpecification","valueRequired":true,"valueName":"search_term_string"}}],"inLanguage":"fr-FR"},{"@type":"Organization","@id":"https:\/\/anglobelge.com\/#organization","name":"Anglo Belge","url":"https:\/\/anglobelge.com\/","logo":{"@type":"ImageObject","inLanguage":"fr-FR","@id":"https:\/\/anglobelge.com\/#\/schema\/logo\/image\/","url":"https:\/\/anglobelge.com\/wp-content\/uploads\/2025\/09\/cropped-thumbnail_Anglo-Belge_PG_RVB.png","contentUrl":"https:\/\/anglobelge.com\/wp-content\/uploads\/2025\/09\/cropped-thumbnail_Anglo-Belge_PG_RVB.png","width":1107,"height":421,"caption":"Anglo Belge"},"image":{"@id":"https:\/\/anglobelge.com\/#\/schema\/logo\/image\/"}}]}},"_links":{"self":[{"href":"https:\/\/anglobelge.com\/fr\/wp-json\/wp\/v2\/pages\/566","targetHints":{"allow":["GET"]}}],"collection":[{"href":"https:\/\/anglobelge.com\/fr\/wp-json\/wp\/v2\/pages"}],"about":[{"href":"https:\/\/anglobelge.com\/fr\/wp-json\/wp\/v2\/types\/page"}],"author":[{"embeddable":true,"href":"https:\/\/anglobelge.com\/fr\/wp-json\/wp\/v2\/users\/1"}],"replies":[{"embeddable":true,"href":"https:\/\/anglobelge.com\/fr\/wp-json\/wp\/v2\/comments?post=566"}],"version-history":[{"count":1,"href":"https:\/\/anglobelge.com\/fr\/wp-json\/wp\/v2\/pages\/566\/revisions"}],"predecessor-version":[{"id":567,"href":"https:\/\/anglobelge.com\/fr\/wp-json\/wp\/v2\/pages\/566\/revisions\/567"}],"wp:attachment":[{"href":"https:\/\/anglobelge.com\/fr\/wp-json\/wp\/v2\/media?parent=566"}],"curies":[{"name":"wp","href":"https:\/\/api.w.org\/{rel}","templated":true}]}}